{"id":6607,"date":"2018-01-10T11:35:19","date_gmt":"2018-01-10T10:35:19","guid":{"rendered":"http:\/\/www.uppvidingetidning.se\/?page_id=6607"},"modified":"2018-01-10T12:41:42","modified_gmt":"2018-01-10T11:41:42","slug":"las-senaste-numret","status":"publish","type":"page","link":"https:\/\/www.uppvidingetidning.se\/?page_id=6607","title":{"rendered":"L\u00c4S SENASTE NUMRET"},"content":{"rendered":"<p>I Uppvidinge Tidning hittar du alltid lokala annonser och nyheter, samh\u00e4llsinformation, evenemang \u00a0samt information fr\u00e5n bygdens f\u00f6retag och f\u00f6reningar.\u00a0<em>Trevlig l\u00e4sning!<br \/>\n<\/em><\/p>\n<p><strong><a href=\"https:\/\/issuu.com\/uppvidingetidning\">H\u00c4MTA OCH L\u00c4S \u00e5rets nummer av UPPVIDINGE TIDNING &gt;&gt;&gt;&gt;<\/a><\/strong><\/p>\n<p><strong>Tips!<\/strong>\u00a0F\u00f6r dig som l\u00e4ser Uppvidinge Tidning med<br \/>\n<strong>SMARTPHONE eller L\u00c4SPLATTA:<br \/>\n<\/strong>Ladda ned Issuu mobilapp \u2013 finns b\u00e5de f\u00f6r\u00a0<a title=\"Issuu ANDROID app\" href=\"https:\/\/play.google.com\/store\/apps\/details?id=com.issuu.android.app\" target=\"_blank\" rel=\"noopener noreferrer\">Android<\/a>\u00a0och\u00a0<a title=\"Issuu IOS (Apple) app\" href=\"https:\/\/itunes.apple.com\/us\/app\/issuu-world-magazines.-free.\/id914453825?mt=8\" target=\"_blank\" rel=\"noopener noreferrer\">iOS (Apple)<\/a><\/p>\n<p><strong>F\u00d6LJ\u00a0OSS P\u00c5\u00a0<a title=\"Facebook\" href=\"https:\/\/www.facebook.com\/pages\/Uppvidinge-Tidning\/1500257693574195?fref=ts\" target=\"_blank\" rel=\"noopener noreferrer\">FACEBOOK<\/a><br \/>\n<\/strong>H\u00e4r f\u00e5r du uppdatering om n\u00e4r n\u00e4sta nummer kommer ut.<\/p>\n","protected":false},"excerpt":{"rendered":"<p>I Uppvidinge Tidning hittar du alltid lokala annonser och nyheter, samh\u00e4llsinformation, evenemang \u00a0samt information fr\u00e5n bygdens f\u00f6retag och f\u00f6reningar.\u00a0Trevlig l\u00e4sning! H\u00c4MTA OCH L\u00c4S \u00e5rets nummer av UPPVIDINGE TIDNING &gt;&gt;&gt;&gt; Tips!\u00a0F\u00f6r dig som l\u00e4ser Uppvidinge Tidning med SMARTPHONE eller L\u00c4SPLATTA: Ladda ned Issuu mobilapp \u2013 finns b\u00e5de f\u00f6r\u00a0Android\u00a0och\u00a0iOS (Apple) F\u00d6LJ\u00a0OSS P\u00c5\u00a0FACEBOOK H\u00e4r f\u00e5r du uppdatering om [&hellip;]<\/p>\n","protected":false},"author":2,"featured_media":0,"parent":0,"menu_order":0,"comment_status":"closed","ping_status":"closed","template":"","meta":{"footnotes":""},"class_list":["post-6607","page","type-page","status-publish","hentry"],"_links":{"self":[{"href":"https:\/\/www.uppvidingetidning.se\/index.php?rest_route=\/wp\/v2\/pages\/6607","targetHints":{"allow":["GET"]}}],"collection":[{"href":"https:\/\/www.uppvidingetidning.se\/index.php?rest_route=\/wp\/v2\/pages"}],"about":[{"href":"https:\/\/www.uppvidingetidning.se\/index.php?rest_route=\/wp\/v2\/types\/page"}],"author":[{"embeddable":true,"href":"https:\/\/www.uppvidingetidning.se\/index.php?rest_route=\/wp\/v2\/users\/2"}],"replies":[{"embeddable":true,"href":"https:\/\/www.uppvidingetidning.se\/index.php?rest_route=%2Fwp%2Fv2%2Fcomments&post=6607"}],"version-history":[{"count":4,"href":"https:\/\/www.uppvidingetidning.se\/index.php?rest_route=\/wp\/v2\/pages\/6607\/revisions"}],"predecessor-version":[{"id":6614,"href":"https:\/\/www.uppvidingetidning.se\/index.php?rest_route=\/wp\/v2\/pages\/6607\/revisions\/6614"}],"wp:attachment":[{"href":"https:\/\/www.uppvidingetidning.se\/index.php?rest_route=%2Fwp%2Fv2%2Fmedia&parent=6607"}],"curies":[{"name":"wp","href":"https:\/\/api.w.org\/{rel}","templated":true}]}}