{"id":5,"date":"2010-03-23T17:58:04","date_gmt":"2010-03-23T16:58:04","guid":{"rendered":"http:\/\/www.uppvidingetidning.se\/wordpress\/?page_id=5"},"modified":"2019-11-04T12:19:37","modified_gmt":"2019-11-04T11:19:37","slug":"om-tidningen","status":"publish","type":"page","link":"https:\/\/www.uppvidingetidning.se\/?page_id=5","title":{"rendered":"OM TIDNINGEN"},"content":{"rendered":"<div id=\"id3\">\n<div>\n<div>\n<p><strong>Kvalitet och oslagbar t\u00e4ckning<br \/>\n<\/strong>F\u00f6rsta numret av Uppvidinge Tidning kom ut februari 1989. Uppvidinge Tidning, som \u00e4r en religi\u00f6st och opolitiskt obunden gratistidning, delas ut via PostNord till alla hush\u00e5ll och f\u00f6retag inom Uppvidinge kommun samt \u00e4ven n\u00e4rliggande orter som Virserum, Gr\u00f6nsk\u00e5ra, Fagerhult, Orrefors, Bra\u00e5s, D\u00e4desj\u00f6 och Ramkvilla. Det inneb\u00e4r en oslagbar t\u00e4ckning i n\u00e4romr\u00e5det \u2013 varje m\u00e5nad.<\/p>\n<p><strong>Kom med synpunkter!<br \/>\n<\/strong>Vi tar g\u00e4rna emot synpunkter p\u00e5 vad du tycker \u00e4r bra med Uppvidinge Tidning och \u00e4ven s\u00e5dant som kan bli b\u00e4ttre. Vad betyder Uppvidinge Tidning f\u00f6r just dig? Kanske har du n\u00e5gra s\u00e4rskilda minnen eller tankar att dela med dig av. Mejla eller skriv ett brev till oss!<br \/>\n<a title=\"mailto:info@uppvidingetidning.se\" href=\"mailto:info@uppvidingetidning.se\">info@uppvidingetidning.se<\/a> &gt;&gt;<\/p>\n<p><em><strong>T\u00e4vlingar<\/strong><br \/>\nEv vinstskatt g\u00e4llande utlottningar i Uppvidinge Tidning betalas av vinnarna.<\/em><\/p>\n<p>Uppvidinge Tidning ges ut av Annonsnyheter i Sm\u00e5land AB<\/p>\n<\/div>\n<\/div>\n<\/div>\n","protected":false},"excerpt":{"rendered":"<p>Kvalitet och oslagbar t\u00e4ckning F\u00f6rsta numret av Uppvidinge Tidning kom ut februari 1989. Uppvidinge Tidning, som \u00e4r en religi\u00f6st och opolitiskt obunden gratistidning, delas ut via PostNord till alla hush\u00e5ll och f\u00f6retag inom Uppvidinge kommun samt \u00e4ven n\u00e4rliggande orter som Virserum, Gr\u00f6nsk\u00e5ra, Fagerhult, Orrefors, Bra\u00e5s, D\u00e4desj\u00f6 och Ramkvilla. Det inneb\u00e4r en oslagbar t\u00e4ckning i n\u00e4romr\u00e5det [&hellip;]<\/p>\n","protected":false},"author":1,"featured_media":0,"parent":0,"menu_order":0,"comment_status":"open","ping_status":"open","template":"","meta":{"footnotes":""},"class_list":["post-5","page","type-page","status-publish","hentry"],"_links":{"self":[{"href":"https:\/\/www.uppvidingetidning.se\/index.php?rest_route=\/wp\/v2\/pages\/5","targetHints":{"allow":["GET"]}}],"collection":[{"href":"https:\/\/www.uppvidingetidning.se\/index.php?rest_route=\/wp\/v2\/pages"}],"about":[{"href":"https:\/\/www.uppvidingetidning.se\/index.php?rest_route=\/wp\/v2\/types\/page"}],"author":[{"embeddable":true,"href":"https:\/\/www.uppvidingetidning.se\/index.php?rest_route=\/wp\/v2\/users\/1"}],"replies":[{"embeddable":true,"href":"https:\/\/www.uppvidingetidning.se\/index.php?rest_route=%2Fwp%2Fv2%2Fcomments&post=5"}],"version-history":[{"count":8,"href":"https:\/\/www.uppvidingetidning.se\/index.php?rest_route=\/wp\/v2\/pages\/5\/revisions"}],"predecessor-version":[{"id":7122,"href":"https:\/\/www.uppvidingetidning.se\/index.php?rest_route=\/wp\/v2\/pages\/5\/revisions\/7122"}],"wp:attachment":[{"href":"https:\/\/www.uppvidingetidning.se\/index.php?rest_route=%2Fwp%2Fv2%2Fmedia&parent=5"}],"curies":[{"name":"wp","href":"https:\/\/api.w.org\/{rel}","templated":true}]}}