{"id":3357,"date":"2015-07-21T18:52:39","date_gmt":"2015-07-21T17:52:39","guid":{"rendered":"http:\/\/www.uppvidingetidning.se\/?page_id=3357"},"modified":"2020-05-05T15:41:08","modified_gmt":"2020-05-05T14:41:08","slug":"spalter","status":"publish","type":"page","link":"https:\/\/www.uppvidingetidning.se\/?page_id=3357","title":{"rendered":"SPALTER &#038; KR\u00d6NIKOR"},"content":{"rendered":"\n<p>H\u00e4mta inspiration fr\u00e5n ett urval av v\u00e5ra duktiga kr\u00f6nik\u00f6rer, som publicerats i Uppvidinge Tidning genom \u00e5ren.<\/p>\n\n\n\n<p><a rel=\"noreferrer noopener\" href=\"http:\/\/www.uppvidingetidning.se\/?page_id=3698\" target=\"_blank\">B\u00d6RNE THORSTENSSONS NATUR<\/a><\/p>\n\n\n\n<p><a rel=\"noreferrer noopener\" href=\"http:\/\/www.uppvidingetidning.se\/?page_id=3337\" target=\"_blank\">JOHANNA HJ\u00c4RTFORS TR\u00c4DG\u00c5RD<\/a><\/p>\n\n\n\n<p><a rel=\"noreferrer noopener\" href=\"http:\/\/www.uppvidingetidning.se\/?page_id=3805\" target=\"_blank\">LENA GUSTAFSSONS COACHING<\/a><\/p>\n\n\n<p><span style=\"color: #ffffff;\">.<\/span><\/p>\n<p><span style=\"color: #ffffff;\">.<\/span><\/p>\n<p><span style=\"color: #ffffff;\">.<\/span><\/p>\n<p><span style=\"color: #ffffff;\">.<\/span><\/p>\n<p><span style=\"color: #ffffff;\">.<\/span><\/p>\n<p><\/p>","protected":false},"excerpt":{"rendered":"<p>H\u00e4mta inspiration fr\u00e5n ett urval av v\u00e5ra duktiga kr\u00f6nik\u00f6rer, som publicerats i Uppvidinge Tidning genom \u00e5ren. B\u00d6RNE THORSTENSSONS NATUR JOHANNA HJ\u00c4RTFORS TR\u00c4DG\u00c5RD LENA GUSTAFSSONS COACHING . . . . .<\/p>\n","protected":false},"author":1,"featured_media":0,"parent":0,"menu_order":0,"comment_status":"closed","ping_status":"closed","template":"","meta":{"footnotes":""},"class_list":["post-3357","page","type-page","status-publish","hentry"],"_links":{"self":[{"href":"https:\/\/www.uppvidingetidning.se\/index.php?rest_route=\/wp\/v2\/pages\/3357","targetHints":{"allow":["GET"]}}],"collection":[{"href":"https:\/\/www.uppvidingetidning.se\/index.php?rest_route=\/wp\/v2\/pages"}],"about":[{"href":"https:\/\/www.uppvidingetidning.se\/index.php?rest_route=\/wp\/v2\/types\/page"}],"author":[{"embeddable":true,"href":"https:\/\/www.uppvidingetidning.se\/index.php?rest_route=\/wp\/v2\/users\/1"}],"replies":[{"embeddable":true,"href":"https:\/\/www.uppvidingetidning.se\/index.php?rest_route=%2Fwp%2Fv2%2Fcomments&post=3357"}],"version-history":[{"count":10,"href":"https:\/\/www.uppvidingetidning.se\/index.php?rest_route=\/wp\/v2\/pages\/3357\/revisions"}],"predecessor-version":[{"id":7323,"href":"https:\/\/www.uppvidingetidning.se\/index.php?rest_route=\/wp\/v2\/pages\/3357\/revisions\/7323"}],"wp:attachment":[{"href":"https:\/\/www.uppvidingetidning.se\/index.php?rest_route=%2Fwp%2Fv2%2Fmedia&parent=3357"}],"curies":[{"name":"wp","href":"https:\/\/api.w.org\/{rel}","templated":true}]}}