{"id":2,"date":"2020-10-20T08:01:33","date_gmt":"2020-10-20T07:01:33","guid":{"rendered":"http:\/\/www.uppvidingetidning.se\/wordpress\/?page_id=2"},"modified":"2025-12-29T11:46:05","modified_gmt":"2025-12-29T10:46:05","slug":"om","status":"publish","type":"page","link":"https:\/\/www.uppvidingetidning.se\/?page_id=2","title":{"rendered":"UTGIVNINGSPLAN"},"content":{"rendered":"<div id=\"id4\">\n<p><span style=\"color: #003366;\"><strong>Prel. utgivningsplan 2026<br \/>\n<\/strong><\/span>22 januari<br \/>\n19 februari<br \/>\n26 mars<br \/>\n23 april<br \/>\n21 maj<br \/>\n<em>ej utgivning i juni<\/em><br \/>\n22 juli<br \/>\n27 augusti<br \/>\n24 september<br \/>\n22 oktober<br \/>\n19 november<br \/>\n10 december<\/p>\n<blockquote><p><em>Obs! \u00c4ndringar i utgivningslistan kan f\u00f6rekomma under \u00e5ret.<br \/>\nPostNord har tv\u00e5dagarsutdelning f\u00f6r alla gratistidningar\u00a0 &#8211; i utgivningslistan st\u00e5r slutdatumet.<\/em><\/p><\/blockquote>\n<p><strong>Kom ih\u00e5g att boka din annons i god tid!\u00a0<\/strong><\/p>\n<\/div>\n<div id=\"id4\">\n<p>F\u00f6r att korrektur ska kunna skickas m\u00e5ste manus vara oss tillhanda senast 12 dagar f\u00f6re utgivning, f\u00f6r tryckf\u00e4rdigt inbokat original 7 dagar f\u00f6re utgivning.<\/p>\n<\/div>\n<p><strong>Teknisk information:<br \/>\n<\/strong>Spaltbredder: 1 sp = 38 mm, 2 sp = 82 mm, 3 sp = 125 mm, 4 sp = 169 mm, 5 sp = 212 mm, 6 sp = 255 mm.<br \/>\nF\u00e4rdigt original: tryckf\u00e4rdig, h\u00f6guppl\u00f6st pdf i exakt annonsm\u00e5tt. Samtliga bilder monterade i dokumentet ska vara h\u00f6guppl\u00f6sta och konverterade till cmyk. Typsnitt ska vara inb\u00e4ddade och samtliga f\u00e4rger ska vara i cmyk (f\u00f6r mer ing\u00e5ende information: se TU:s specifikationer f\u00f6r annonsmaterial p\u00e5 www.dagspress.se).<\/p>\n<p>Ansvarig utgivare: Louise Wargklev<br \/>\n<span style=\"line-height: 1.5;\">e-post: <\/span><a style=\"line-height: 1.5;\" title=\"mailto:annons@uppvidingetidning.se\" href=\"mailto:annons@uppvidingetidning.se\">annons@uppvidingetidning.se<br \/>\n<\/a>Tel: 070-574 89 11<\/p>\n","protected":false},"excerpt":{"rendered":"<p>Prel. utgivningsplan 2026 22 januari 19 februari 26 mars 23 april 21 maj ej utgivning i juni 22 juli 27 augusti 24 september 22 oktober 19 november 10 december Obs! \u00c4ndringar i utgivningslistan kan f\u00f6rekomma under \u00e5ret. PostNord har tv\u00e5dagarsutdelning f\u00f6r alla gratistidningar\u00a0 &#8211; i utgivningslistan st\u00e5r slutdatumet. Kom ih\u00e5g att boka din annons i [&hellip;]<\/p>\n","protected":false},"author":1,"featured_media":0,"parent":0,"menu_order":0,"comment_status":"open","ping_status":"open","template":"","meta":{"footnotes":""},"class_list":["post-2","page","type-page","status-publish","hentry"],"_links":{"self":[{"href":"https:\/\/www.uppvidingetidning.se\/index.php?rest_route=\/wp\/v2\/pages\/2","targetHints":{"allow":["GET"]}}],"collection":[{"href":"https:\/\/www.uppvidingetidning.se\/index.php?rest_route=\/wp\/v2\/pages"}],"about":[{"href":"https:\/\/www.uppvidingetidning.se\/index.php?rest_route=\/wp\/v2\/types\/page"}],"author":[{"embeddable":true,"href":"https:\/\/www.uppvidingetidning.se\/index.php?rest_route=\/wp\/v2\/users\/1"}],"replies":[{"embeddable":true,"href":"https:\/\/www.uppvidingetidning.se\/index.php?rest_route=%2Fwp%2Fv2%2Fcomments&post=2"}],"version-history":[{"count":42,"href":"https:\/\/www.uppvidingetidning.se\/index.php?rest_route=\/wp\/v2\/pages\/2\/revisions"}],"predecessor-version":[{"id":7766,"href":"https:\/\/www.uppvidingetidning.se\/index.php?rest_route=\/wp\/v2\/pages\/2\/revisions\/7766"}],"wp:attachment":[{"href":"https:\/\/www.uppvidingetidning.se\/index.php?rest_route=%2Fwp%2Fv2%2Fmedia&parent=2"}],"curies":[{"name":"wp","href":"https:\/\/api.w.org\/{rel}","templated":true}]}}